{"id":11,"date":"2024-01-15T21:15:25","date_gmt":"2024-01-15T21:15:25","guid":{"rendered":"https:\/\/siderriket.no\/?page_id=11"},"modified":"2025-06-04T14:53:02","modified_gmt":"2025-06-04T13:53:02","slug":"om-oss","status":"publish","type":"page","link":"https:\/\/siderriket.no\/?page_id=11","title":{"rendered":"Om Siderriket."},"content":{"rendered":"\n<figure class=\"wp-block-image size-large\"><img loading=\"lazy\" decoding=\"async\" width=\"768\" height=\"1024\" src=\"https:\/\/siderriket.no\/wp-content\/uploads\/2024\/01\/IMG_2120-768x1024.jpeg\" alt=\"\" class=\"wp-image-42\" srcset=\"https:\/\/siderriket.no\/wp-content\/uploads\/2024\/01\/IMG_2120-768x1024.jpeg 768w, https:\/\/siderriket.no\/wp-content\/uploads\/2024\/01\/IMG_2120-225x300.jpeg 225w, https:\/\/siderriket.no\/wp-content\/uploads\/2024\/01\/IMG_2120-1152x1536.jpeg 1152w, https:\/\/siderriket.no\/wp-content\/uploads\/2024\/01\/IMG_2120.jpeg 1536w\" sizes=\"auto, (max-width: 768px) 100vw, 768px\" \/><\/figure>\n\n\n\n<h2 class=\"wp-block-heading\"><\/h2>\n\n\n\n<p>Jeg, \u00d8ystein Skj\u00e6veland er over snittet glad i epler og er en entusiastisk hjemme sider produsent. Jeg har laget sider siden 2017 og tatt grunnkurs i i hvordan lage sider i Hardanger. Etter fullf\u00f8rt grunnkurs reiste jeg til England og deltok p\u00e5 Cider and Pery production ved Peter Michell&#8217;s Cider &amp; Perry Academy. Etter jeg fullf\u00f8rte gartner utdannelsen i Hardanger reiste jeg tilbake til england og fullf\u00f8rte Advanced Cider and Perry production hos Peter Michell.<\/p>\n\n\n\n<p>Ettersom jeg har laget sider i s\u00e5 mange \u00e5r hjemme i kjelleren har jeg f\u00e5tt anledning til \u00e5 gj\u00f8re mange feil. Dette har gjort at jeg har l\u00e6rt mye som du ikke finner i b\u00f8ker eller du f\u00e5r l\u00e6re n\u00e5r du g\u00e5r p\u00e5 kurs.<\/p>\n\n\n\n<p>Jeg studere n\u00e5 til \u00e5 bli pommelier og vil v\u00e6re ferdig utdannet november 2025<\/p>\n","protected":false},"excerpt":{"rendered":"<p>Jeg, \u00d8ystein Skj\u00e6veland er over snittet glad i epler og er en entusiastisk hjemme sider produsent. Jeg har laget sider siden 2017 og tatt grunnkurs i i hvordan lage sider i Hardanger. Etter fullf\u00f8rt grunnkurs reiste jeg til England og deltok p\u00e5 Cider and Pery production ved Peter Michell&#8217;s Cider &amp; Perry Academy. Etter jeg [&hellip;]<\/p>\n","protected":false},"author":1,"featured_media":0,"parent":0,"menu_order":0,"comment_status":"closed","ping_status":"closed","template":"","meta":{"footnotes":""},"class_list":["post-11","page","type-page","status-publish","hentry"],"_links":{"self":[{"href":"https:\/\/siderriket.no\/index.php?rest_route=\/wp\/v2\/pages\/11","targetHints":{"allow":["GET"]}}],"collection":[{"href":"https:\/\/siderriket.no\/index.php?rest_route=\/wp\/v2\/pages"}],"about":[{"href":"https:\/\/siderriket.no\/index.php?rest_route=\/wp\/v2\/types\/page"}],"author":[{"embeddable":true,"href":"https:\/\/siderriket.no\/index.php?rest_route=\/wp\/v2\/users\/1"}],"replies":[{"embeddable":true,"href":"https:\/\/siderriket.no\/index.php?rest_route=%2Fwp%2Fv2%2Fcomments&post=11"}],"version-history":[{"count":9,"href":"https:\/\/siderriket.no\/index.php?rest_route=\/wp\/v2\/pages\/11\/revisions"}],"predecessor-version":[{"id":130,"href":"https:\/\/siderriket.no\/index.php?rest_route=\/wp\/v2\/pages\/11\/revisions\/130"}],"wp:attachment":[{"href":"https:\/\/siderriket.no\/index.php?rest_route=%2Fwp%2Fv2%2Fmedia&parent=11"}],"curies":[{"name":"wp","href":"https:\/\/api.w.org\/{rel}","templated":true}]}}