{"id":113,"date":"2024-01-24T14:24:36","date_gmt":"2024-01-24T13:24:36","guid":{"rendered":"https:\/\/siderriket.no\/?page_id=113"},"modified":"2024-01-25T08:39:27","modified_gmt":"2024-01-25T07:39:27","slug":"filtrering-av-vin-og-sider","status":"publish","type":"page","link":"https:\/\/siderriket.no\/?page_id=113","title":{"rendered":"Filtrering av vin og sider"},"content":{"rendered":"\n<p>Dersom du ikke \u00f8nsker \u00e5 vente i flere m\u00e5neder p\u00e5 at sideren skal bli klar og gj\u00e6r smaken skal forsvinne. Da kan jeg komme hjem til deg med min Buon Vino semi-industriell filter maskin og filtrere sideren din. Hvor fin du \u00f8nsker den er opp til deg. Fineste alternativ er 0,5 micron som er finere enn de minste gj\u00e6r cellene som er ned til 0,8 micron.<\/p>\n\n\n\n<figure class=\"wp-block-gallery has-nested-images columns-default is-cropped wp-block-gallery-1 is-layout-flex wp-block-gallery-is-layout-flex\">\n<figure class=\"wp-block-image size-large\"><img loading=\"lazy\" decoding=\"async\" width=\"690\" height=\"600\" data-id=\"120\" src=\"https:\/\/siderriket.no\/wp-content\/uploads\/2024\/01\/Buon-vino.jpg\" alt=\"\" class=\"wp-image-120\" srcset=\"https:\/\/siderriket.no\/wp-content\/uploads\/2024\/01\/Buon-vino.jpg 690w, https:\/\/siderriket.no\/wp-content\/uploads\/2024\/01\/Buon-vino-300x261.jpg 300w\" sizes=\"auto, (max-width: 690px) 100vw, 690px\" \/><\/figure>\n<\/figure>\n","protected":false},"excerpt":{"rendered":"<p>Dersom du ikke \u00f8nsker \u00e5 vente i flere m\u00e5neder p\u00e5 at sideren skal bli klar og gj\u00e6r smaken skal forsvinne. Da kan jeg komme hjem til deg med min Buon Vino semi-industriell filter maskin og filtrere sideren din. Hvor fin du \u00f8nsker den er opp til deg. Fineste alternativ er 0,5 micron som er finere [&hellip;]<\/p>\n","protected":false},"author":1,"featured_media":0,"parent":0,"menu_order":0,"comment_status":"closed","ping_status":"closed","template":"","meta":{"footnotes":""},"class_list":["post-113","page","type-page","status-publish","hentry"],"_links":{"self":[{"href":"https:\/\/siderriket.no\/index.php?rest_route=\/wp\/v2\/pages\/113","targetHints":{"allow":["GET"]}}],"collection":[{"href":"https:\/\/siderriket.no\/index.php?rest_route=\/wp\/v2\/pages"}],"about":[{"href":"https:\/\/siderriket.no\/index.php?rest_route=\/wp\/v2\/types\/page"}],"author":[{"embeddable":true,"href":"https:\/\/siderriket.no\/index.php?rest_route=\/wp\/v2\/users\/1"}],"replies":[{"embeddable":true,"href":"https:\/\/siderriket.no\/index.php?rest_route=%2Fwp%2Fv2%2Fcomments&post=113"}],"version-history":[{"count":3,"href":"https:\/\/siderriket.no\/index.php?rest_route=\/wp\/v2\/pages\/113\/revisions"}],"predecessor-version":[{"id":122,"href":"https:\/\/siderriket.no\/index.php?rest_route=\/wp\/v2\/pages\/113\/revisions\/122"}],"wp:attachment":[{"href":"https:\/\/siderriket.no\/index.php?rest_route=%2Fwp%2Fv2%2Fmedia&parent=113"}],"curies":[{"name":"wp","href":"https:\/\/api.w.org\/{rel}","templated":true}]}}