{"id":20,"date":"2024-01-15T21:34:12","date_gmt":"2024-01-15T21:34:12","guid":{"rendered":"https:\/\/siderriket.no\/?page_id=20"},"modified":"2024-01-25T11:52:21","modified_gmt":"2024-01-25T10:52:21","slug":"kurs-og-tjenester","status":"publish","type":"page","link":"https:\/\/siderriket.no\/?page_id=20","title":{"rendered":"Sider kurs med smaking"},"content":{"rendered":"\n<p><\/p>\n\n\n\n<h2 class=\"wp-block-heading\">Kurs<\/h2>\n\n\n\n<p>Siderkurset er et 2 &#8211; 2,5 timers kurs med en lett innf\u00f8ring i hvordan sider enkelt kan lages hjemme.<\/p>\n\n\n\n<p>Du f\u00e5r smake p\u00e5 sider som er helt t\u00f8rr. Dette for \u00e5 f\u00e5 et utgangspunkt i hva som skjer n\u00e5r sideren gj\u00e6rer helt ut.<br>Du f\u00e5r smake p\u00e5 sider som har blitt tilsatt s\u00f8dme etter den har v\u00e6rt helt t\u00f8rr og du l\u00e6rer hvordan du kan gj\u00f8re dette hjemme selv.<\/p>\n\n\n\n<p>Du f\u00e5r ogs\u00e5 l\u00e6re flere teknikker for smaks tilsetning slik at du kan lage den sideren du \u00f8nsker enten den har hint av humle, solb\u00e6r, hylleb\u00e6rblomst eller annet. Ogs\u00e5 her f\u00e5r du smake p\u00e5 noen alternativer jeg har valgt til smakstilsettning.<\/p>\n\n\n\n<p>Kurset tar ogs\u00e5 for seg litt historie om eplet, hvor sideren kommer fra og hvilket utstyr du trenger for \u00e5 lage sider.<\/p>\n\n\n\n<p>Kvelden blir en kombinasjon av undervisning, smaking, diskusjoner og jeg svarer p\u00e5 sp\u00f8rsm\u00e5l.<\/p>\n\n\n\n<p>Oppdag ditt kreative potensial slik at du kan eksperimentere med forskjellig gj\u00e6r og smakstilsetninger.<\/p>\n\n\n\n<p><\/p>\n\n\n\n<p>Noen av kursene vil bli gjort i samarbeid med <a href=\"https:\/\/www.safiren.no\/\">Safiren<\/a> i Sandnes. Ta kontakt med dem eller meg p\u00e5 epost for mer informasjon.<\/p>\n","protected":false},"excerpt":{"rendered":"<p>Kurs Siderkurset er et 2 &#8211; 2,5 timers kurs med en lett innf\u00f8ring i hvordan sider enkelt kan lages hjemme. Du f\u00e5r smake p\u00e5 sider som er helt t\u00f8rr. Dette for \u00e5 f\u00e5 et utgangspunkt i hva som skjer n\u00e5r sideren gj\u00e6rer helt ut.Du f\u00e5r smake p\u00e5 sider som har blitt tilsatt s\u00f8dme etter den [&hellip;]<\/p>\n","protected":false},"author":1,"featured_media":0,"parent":0,"menu_order":0,"comment_status":"closed","ping_status":"closed","template":"","meta":{"footnotes":""},"class_list":["post-20","page","type-page","status-publish","hentry"],"_links":{"self":[{"href":"https:\/\/siderriket.no\/index.php?rest_route=\/wp\/v2\/pages\/20","targetHints":{"allow":["GET"]}}],"collection":[{"href":"https:\/\/siderriket.no\/index.php?rest_route=\/wp\/v2\/pages"}],"about":[{"href":"https:\/\/siderriket.no\/index.php?rest_route=\/wp\/v2\/types\/page"}],"author":[{"embeddable":true,"href":"https:\/\/siderriket.no\/index.php?rest_route=\/wp\/v2\/users\/1"}],"replies":[{"embeddable":true,"href":"https:\/\/siderriket.no\/index.php?rest_route=%2Fwp%2Fv2%2Fcomments&post=20"}],"version-history":[{"count":6,"href":"https:\/\/siderriket.no\/index.php?rest_route=\/wp\/v2\/pages\/20\/revisions"}],"predecessor-version":[{"id":125,"href":"https:\/\/siderriket.no\/index.php?rest_route=\/wp\/v2\/pages\/20\/revisions\/125"}],"wp:attachment":[{"href":"https:\/\/siderriket.no\/index.php?rest_route=%2Fwp%2Fv2%2Fmedia&parent=20"}],"curies":[{"name":"wp","href":"https:\/\/api.w.org\/{rel}","templated":true}]}}