{"id":55,"date":"2024-01-17T14:18:21","date_gmt":"2024-01-17T13:18:21","guid":{"rendered":"https:\/\/siderriket.no\/?page_id=55"},"modified":"2024-01-17T21:46:30","modified_gmt":"2024-01-17T20:46:30","slug":"tjenester","status":"publish","type":"page","link":"https:\/\/siderriket.no\/?page_id=55","title":{"rendered":"Kverne og presse epler"},"content":{"rendered":"\n<figure class=\"wp-block-gallery has-nested-images columns-default is-cropped wp-block-gallery-1 is-layout-flex wp-block-gallery-is-layout-flex\">\n<figure class=\"wp-block-image size-large is-style-default\"><img loading=\"lazy\" decoding=\"async\" width=\"768\" height=\"1024\" data-id=\"75\" src=\"https:\/\/siderriket.no\/wp-content\/uploads\/2024\/01\/IMG_0386-768x1024.jpeg\" alt=\"\" class=\"wp-image-75\" srcset=\"https:\/\/siderriket.no\/wp-content\/uploads\/2024\/01\/IMG_0386-768x1024.jpeg 768w, https:\/\/siderriket.no\/wp-content\/uploads\/2024\/01\/IMG_0386-225x300.jpeg 225w, https:\/\/siderriket.no\/wp-content\/uploads\/2024\/01\/IMG_0386-1152x1536.jpeg 1152w, https:\/\/siderriket.no\/wp-content\/uploads\/2024\/01\/IMG_0386.jpeg 1536w\" sizes=\"auto, (max-width: 768px) 100vw, 768px\" \/><\/figure>\n\n\n\n<figure class=\"wp-block-image size-large\"><img loading=\"lazy\" decoding=\"async\" width=\"768\" height=\"1024\" data-id=\"77\" src=\"https:\/\/siderriket.no\/wp-content\/uploads\/2024\/01\/IMG_0394-1-768x1024.jpeg\" alt=\"\" class=\"wp-image-77\" srcset=\"https:\/\/siderriket.no\/wp-content\/uploads\/2024\/01\/IMG_0394-1-768x1024.jpeg 768w, https:\/\/siderriket.no\/wp-content\/uploads\/2024\/01\/IMG_0394-1-225x300.jpeg 225w, https:\/\/siderriket.no\/wp-content\/uploads\/2024\/01\/IMG_0394-1-1152x1536.jpeg 1152w, https:\/\/siderriket.no\/wp-content\/uploads\/2024\/01\/IMG_0394-1.jpeg 1536w\" sizes=\"auto, (max-width: 768px) 100vw, 768px\" \/><\/figure>\n<\/figure>\n\n\n\n<p>Fra sommeren 2024 tilbyr jeg \u00e5 komme ut til deg og kverne og presse eplene dine.<\/p>\n\n\n\n<p>Noen forutsetninger for at dette skal g\u00e5 fint er at du har flasker eller fat som sideren kan v\u00e6re p\u00e5. Ta kontakt s\u00e5 finner vi ut av hva du m\u00e5 skaffe.<\/p>\n\n\n\n<p>Det m\u00e5 ogs\u00e5 v\u00e6re tilgang til vann til pressa og str\u00f8m til kverna. Ta kontakt s\u00e5 finner vi ut av det ogs\u00e5. <\/p>\n\n\n\n<p>N\u00e5r sideren er ferdig og du \u00f8nsker \u00e5 ta snarveien til klar sider, kan jeg ta med meg filtermaskinen og komme og filtrere sideren for deg. Da blir den krystall klar og like ren som den du kj\u00f8per p\u00e5 polet. <br>Ogs\u00e5 her er det noen forutsetninger, du b\u00f8r ha gjort en klarningsprosess f\u00f8rst og stukket om sideren minst en gang. Ta kontakt s\u00e5 finner vi ut av det.<\/p>\n\n\n\n<p><\/p>\n","protected":false},"excerpt":{"rendered":"<p>Fra sommeren 2024 tilbyr jeg \u00e5 komme ut til deg og kverne og presse eplene dine. Noen forutsetninger for at dette skal g\u00e5 fint er at du har flasker eller fat som sideren kan v\u00e6re p\u00e5. Ta kontakt s\u00e5 finner vi ut av hva du m\u00e5 skaffe. Det m\u00e5 ogs\u00e5 v\u00e6re tilgang til vann til [&hellip;]<\/p>\n","protected":false},"author":1,"featured_media":0,"parent":0,"menu_order":0,"comment_status":"closed","ping_status":"closed","template":"","meta":{"footnotes":""},"class_list":["post-55","page","type-page","status-publish","hentry"],"_links":{"self":[{"href":"https:\/\/siderriket.no\/index.php?rest_route=\/wp\/v2\/pages\/55","targetHints":{"allow":["GET"]}}],"collection":[{"href":"https:\/\/siderriket.no\/index.php?rest_route=\/wp\/v2\/pages"}],"about":[{"href":"https:\/\/siderriket.no\/index.php?rest_route=\/wp\/v2\/types\/page"}],"author":[{"embeddable":true,"href":"https:\/\/siderriket.no\/index.php?rest_route=\/wp\/v2\/users\/1"}],"replies":[{"embeddable":true,"href":"https:\/\/siderriket.no\/index.php?rest_route=%2Fwp%2Fv2%2Fcomments&post=55"}],"version-history":[{"count":4,"href":"https:\/\/siderriket.no\/index.php?rest_route=\/wp\/v2\/pages\/55\/revisions"}],"predecessor-version":[{"id":86,"href":"https:\/\/siderriket.no\/index.php?rest_route=\/wp\/v2\/pages\/55\/revisions\/86"}],"wp:attachment":[{"href":"https:\/\/siderriket.no\/index.php?rest_route=%2Fwp%2Fv2%2Fmedia&parent=55"}],"curies":[{"name":"wp","href":"https:\/\/api.w.org\/{rel}","templated":true}]}}