{"id":70,"date":"2024-01-17T20:40:26","date_gmt":"2024-01-17T19:40:26","guid":{"rendered":"https:\/\/siderriket.no\/?page_id=70"},"modified":"2025-06-04T14:45:28","modified_gmt":"2025-06-04T13:45:28","slug":"bok-prosjekt","status":"publish","type":"page","link":"https:\/\/siderriket.no\/?page_id=70","title":{"rendered":"Boken &laquo;Hvordan lage god sider hjemme&raquo; kommer!"},"content":{"rendered":"\n<p>Jeg holder n\u00e5 p\u00e5 \u00e5 skrive en bok om hvordan du kan lage god sider hjemme. <br>Siden jeg aldri hadde skrevet bok undervurderte jeg tiden det tar mellom alle andre daglige sysler. Boken er p\u00e5 vei, men jeg t\u00f8r ikke si n\u00e5r.<\/p>\n","protected":false},"excerpt":{"rendered":"<p>Jeg holder n\u00e5 p\u00e5 \u00e5 skrive en bok om hvordan du kan lage god sider hjemme. Siden jeg aldri hadde skrevet bok undervurderte jeg tiden det tar mellom alle andre daglige sysler. Boken er p\u00e5 vei, men jeg t\u00f8r ikke si n\u00e5r.<\/p>\n","protected":false},"author":1,"featured_media":0,"parent":0,"menu_order":0,"comment_status":"closed","ping_status":"closed","template":"","meta":{"footnotes":""},"class_list":["post-70","page","type-page","status-publish","hentry"],"_links":{"self":[{"href":"https:\/\/siderriket.no\/index.php?rest_route=\/wp\/v2\/pages\/70","targetHints":{"allow":["GET"]}}],"collection":[{"href":"https:\/\/siderriket.no\/index.php?rest_route=\/wp\/v2\/pages"}],"about":[{"href":"https:\/\/siderriket.no\/index.php?rest_route=\/wp\/v2\/types\/page"}],"author":[{"embeddable":true,"href":"https:\/\/siderriket.no\/index.php?rest_route=\/wp\/v2\/users\/1"}],"replies":[{"embeddable":true,"href":"https:\/\/siderriket.no\/index.php?rest_route=%2Fwp%2Fv2%2Fcomments&post=70"}],"version-history":[{"count":5,"href":"https:\/\/siderriket.no\/index.php?rest_route=\/wp\/v2\/pages\/70\/revisions"}],"predecessor-version":[{"id":128,"href":"https:\/\/siderriket.no\/index.php?rest_route=\/wp\/v2\/pages\/70\/revisions\/128"}],"wp:attachment":[{"href":"https:\/\/siderriket.no\/index.php?rest_route=%2Fwp%2Fv2%2Fmedia&parent=70"}],"curies":[{"name":"wp","href":"https:\/\/api.w.org\/{rel}","templated":true}]}}